{"id":1648,"date":"2023-03-16T13:53:41","date_gmt":"2023-03-16T13:53:41","guid":{"rendered":"https:\/\/tecnologia.vamtam.com\/?page_id=1648"},"modified":"2023-07-25T11:27:28","modified_gmt":"2023-07-25T11:27:28","slug":"politica-privacidad","status":"publish","type":"page","link":"https:\/\/www.inconetcontrols.com\/es\/politica-privacidad\/","title":{"rendered":"Pol\u00edtica de Privacidad"},"content":{"rendered":"\t\t<div data-elementor-type=\"wp-page\" data-elementor-id=\"1648\" class=\"elementor elementor-1648\" data-elementor-post-type=\"page\">\n\t\t\t\t\t\t<section class=\"elementor-section elementor-top-section elementor-element elementor-element-6c5644c elementor-section-boxed elementor-section-height-default elementor-section-height-default\" data-id=\"6c5644c\" data-element_type=\"section\">\n\t\t\t\t\t\t<div class=\"elementor-container elementor-column-gap-default\">\n\t\t\t\t\t<div class=\"elementor-column elementor-col-100 elementor-top-column elementor-element elementor-element-759c98e\" data-id=\"759c98e\" data-element_type=\"column\">\n\t\t\t<div class=\"elementor-widget-wrap elementor-element-populated\">\n\t\t\t\t\t\t<div class=\"elementor-element elementor-element-9af75f0 animated-slow elementor-invisible elementor-widget elementor-widget-heading\" data-id=\"9af75f0\" data-element_type=\"widget\" data-settings=\"{&quot;_animation&quot;:&quot;fadeIn&quot;,&quot;_animation_tablet&quot;:&quot;none&quot;}\" data-widget_type=\"heading.default\">\n\t\t\t\t<div class=\"elementor-widget-container\">\n\t\t\t\t\t<h1 class=\"elementor-heading-title elementor-size-default\">Pol\u00edtica de Privacidad<\/h1>\t\t\t\t<\/div>\n\t\t\t\t<\/div>\n\t\t\t\t<div class=\"elementor-element elementor-element-31a03c4 elementor-widget elementor-widget-spacer\" data-id=\"31a03c4\" data-element_type=\"widget\" data-widget_type=\"spacer.default\">\n\t\t\t\t<div class=\"elementor-widget-container\">\n\t\t\t\t\t\t\t<div class=\"elementor-spacer\">\n\t\t\t<div class=\"elementor-spacer-inner\"><\/div>\n\t\t<\/div>\n\t\t\t\t\t\t<\/div>\n\t\t\t\t<\/div>\n\t\t\t\t\t<\/div>\n\t\t<\/div>\n\t\t\t\t\t<\/div>\n\t\t<\/section>\n\t\t\t\t<section class=\"elementor-section elementor-top-section elementor-element elementor-element-0382d56 elementor-section-boxed elementor-section-height-default elementor-section-height-default\" data-id=\"0382d56\" data-element_type=\"section\">\n\t\t\t\t\t\t<div class=\"elementor-container elementor-column-gap-default\">\n\t\t\t\t\t<div class=\"elementor-column elementor-col-100 elementor-top-column elementor-element elementor-element-be60c80\" data-id=\"be60c80\" data-element_type=\"column\">\n\t\t\t<div class=\"elementor-widget-wrap elementor-element-populated\">\n\t\t\t\t\t\t<div class=\"elementor-element elementor-element-78db512 elementor-widget__width-initial elementor-widget elementor-widget-text-editor\" data-id=\"78db512\" data-element_type=\"widget\" data-widget_type=\"text-editor.default\">\n\t\t\t\t<div class=\"elementor-widget-container\">\n\t\t\t\t\t\t\t\t\t<p>En cumplimiento de lo establecido en el Reglamento General de Protecci\u00f3n de Datos (RGPD) (UE) 2016\/679 y a la Ley Org\u00e1nica 3\/2018, de 5 de diciembre, de Protecci\u00f3n de Datos de Car\u00e1cter Personal y Garant\u00eda de los Derechos Digitales, le informamos de que los datos facilitados por usted, as\u00ed como los que se generen durante su relaci\u00f3n con nuestra entidad, ser\u00e1n objeto de tratamiento con la finalidad de prestarle el servicio solicitado o entregarle el producto adquirido, realizar la gesti\u00f3n administrativa derivada de nuestra relaci\u00f3n comercial, as\u00ed como enviarle comunicaciones comerciales sobre nuestros productos y servicios.<\/p><p>La legitimaci\u00f3n del tratamiento ser\u00e1 en base al v\u00ednculo contractual existente, consentimiento, o bien por inter\u00e9s leg\u00edtimo (mercadotecnia directa) u obligaci\u00f3n legal, en algunos casos. Los datos proporcionados se conservar\u00e1n mientras se mantenga la relaci\u00f3n contractual o durante el tiempo necesario para cumplir con las obligaciones legales. No se ceder\u00e1n sus datos a terceros, salvo que sea necesario para la ejecuci\u00f3n de un contrato o haya una obligaci\u00f3n legal. No se tomar\u00e1n decisiones automatizadas con efectos jur\u00eddicos significativos, salvo que se haya obtenido previamente el consentimiento.<\/p><p>Asimismo, le informamos de la posibilidad de ejercer los siguientes derechos sobre sus datos personales: derecho de acceso, rectificaci\u00f3n, supresi\u00f3n u olvido, limitaci\u00f3n, oposici\u00f3n, portabilidad y a retirar el consentimiento prestado. Para ello podr\u00e1 enviar un email a: administracio@inconetcontrols.com, adjuntando copia de su DNI. Adem\u00e1s, puede dirigirse a la Autoridad de Control en materia de Protecci\u00f3n de Datos competente (AEPD, en Espa\u00f1a) para obtener informaci\u00f3n adicional o presentar una reclamaci\u00f3n.<\/p><p><b>Datos identificativos del responsable:<\/b><\/p><p><strong>Inconet Controls S.L., B67267583<\/strong><\/p><div class=\"companyAddress\"><strong>Calle Nostra Senyora del coll, 30 &#8211; PTA B<\/strong> <b>&#8211; 08450 &#8211; Llinars Del Valles &#8211; BARCELONA, 938 712 572<\/b><\/div>\t\t\t\t\t\t\t\t<\/div>\n\t\t\t\t<\/div>\n\t\t\t\t\t<\/div>\n\t\t<\/div>\n\t\t\t\t\t<\/div>\n\t\t<\/section>\n\t\t\t\t<\/div>\n\t\t","protected":false},"excerpt":{"rendered":"<p>Pol\u00edtica de Privacidad En cumplimiento de lo establecido en el Reglamento General de Protecci\u00f3n de Datos (RGPD) (UE) 2016\/679 y a la Ley Org\u00e1nica 3\/2018, de 5 de diciembre, de Protecci\u00f3n de Datos de Car\u00e1cter Personal y Garant\u00eda de los Derechos Digitales, le informamos de que los datos facilitados por usted, as\u00ed como los que&#8230;<\/p>\n","protected":false},"author":1,"featured_media":0,"parent":0,"menu_order":0,"comment_status":"closed","ping_status":"closed","template":"","meta":{"footnotes":""},"class_list":["post-1648","page","type-page","status-publish","hentry"],"aioseo_notices":[],"_links":{"self":[{"href":"https:\/\/www.inconetcontrols.com\/es\/wp-json\/wp\/v2\/pages\/1648","targetHints":{"allow":["GET"]}}],"collection":[{"href":"https:\/\/www.inconetcontrols.com\/es\/wp-json\/wp\/v2\/pages"}],"about":[{"href":"https:\/\/www.inconetcontrols.com\/es\/wp-json\/wp\/v2\/types\/page"}],"author":[{"embeddable":true,"href":"https:\/\/www.inconetcontrols.com\/es\/wp-json\/wp\/v2\/users\/1"}],"replies":[{"embeddable":true,"href":"https:\/\/www.inconetcontrols.com\/es\/wp-json\/wp\/v2\/comments?post=1648"}],"version-history":[{"count":5,"href":"https:\/\/www.inconetcontrols.com\/es\/wp-json\/wp\/v2\/pages\/1648\/revisions"}],"predecessor-version":[{"id":988504,"href":"https:\/\/www.inconetcontrols.com\/es\/wp-json\/wp\/v2\/pages\/1648\/revisions\/988504"}],"wp:attachment":[{"href":"https:\/\/www.inconetcontrols.com\/es\/wp-json\/wp\/v2\/media?parent=1648"}],"curies":[{"name":"wp","href":"https:\/\/api.w.org\/{rel}","templated":true}]}}